{"id":17,"date":"2025-05-21T21:51:38","date_gmt":"2025-05-21T21:51:38","guid":{"rendered":"https:\/\/canadainprogress.ca\/?page_id=17"},"modified":"2025-12-05T03:50:23","modified_gmt":"2025-12-05T03:50:23","slug":"a-propos","status":"publish","type":"page","link":"https:\/\/canadainprogress.ca\/?page_id=17","title":{"rendered":"\u00c0 Propos"},"content":{"rendered":"\n<div class=\"wp-block-uagb-info-box uagb-block-4b5c2cc5 uagb-infobox__content-wrap  uagb-infobox-icon-above-title uagb-infobox-image-valign-top\"><div class=\"uagb-ifb-content\"><div class=\"uagb-ifb-icon-wrap\"><svg xmlns=\"https:\/\/www.w3.org\/2000\/svg\" viewBox=\"0 0 512 512\"><path d=\"M0 256C0 114.6 114.6 0 256 0C397.4 0 512 114.6 512 256C512 397.4 397.4 512 256 512C114.6 512 0 397.4 0 256zM371.8 211.8C382.7 200.9 382.7 183.1 371.8 172.2C360.9 161.3 343.1 161.3 332.2 172.2L224 280.4L179.8 236.2C168.9 225.3 151.1 225.3 140.2 236.2C129.3 247.1 129.3 264.9 140.2 275.8L204.2 339.8C215.1 350.7 232.9 350.7 243.8 339.8L371.8 211.8z\"><\/path><\/svg><\/div><div class=\"uagb-ifb-title-wrap\"><h3 class=\"uagb-ifb-title\">Tout \u00e0 commenc\u00e9&#8230;<\/h3><\/div><p class=\"uagb-ifb-desc\">D&rsquo;une simple conversation \u00e0 une communaut\u00e9 grandissante<br>Tout a commenc\u00e9 par une vision partag\u00e9e. L\u2019histoire de notre organisation est celle de l\u2019amiti\u00e9, de la r\u00e9silience et d\u2019une volont\u00e9 commune de faire une diff\u00e9rence \u00e0 Grande Prairie.<\/p><\/div><\/div>\n\n\n\n<div class=\"wp-block-uagb-image uagb-block-602c28ec wp-block-uagb-image--layout-default wp-block-uagb-image--effect-static wp-block-uagb-image--align-none\"><figure class=\"wp-block-uagb-image__figure\"><img decoding=\"async\" srcset=\"https:\/\/canadainprogress.ca\/wp-content\/uploads\/2025\/12\/pexels-divinetechygirl-1181406-2-1024x684.jpg ,https:\/\/canadainprogress.ca\/wp-content\/uploads\/2025\/12\/pexels-divinetechygirl-1181406-2-scaled.jpg 780w, https:\/\/canadainprogress.ca\/wp-content\/uploads\/2025\/12\/pexels-divinetechygirl-1181406-2-scaled.jpg 360w\" sizes=\"auto, (max-width: 480px) 150px\" src=\"https:\/\/canadainprogress.ca\/wp-content\/uploads\/2025\/12\/pexels-divinetechygirl-1181406-2-1024x684.jpg\" alt=\"\" class=\"uag-image-72\" width=\"534\" height=\"357\" title=\"pexels-divinetechygirl-1181406\" loading=\"lazy\" role=\"img\"\/><\/figure><\/div>\n\n\n\n<div class=\"wp-block-media-text is-stacked-on-mobile\"><figure class=\"wp-block-media-text__media\"><img loading=\"lazy\" decoding=\"async\" width=\"1024\" height=\"585\" src=\"https:\/\/canadainprogress.ca\/wp-content\/uploads\/2025\/12\/photo-de-1-a-propos-1024x585.png\" alt=\"\" class=\"wp-image-73 size-full\" srcset=\"https:\/\/canadainprogress.ca\/wp-content\/uploads\/2025\/12\/photo-de-1-a-propos-1024x585.png 1024w, https:\/\/canadainprogress.ca\/wp-content\/uploads\/2025\/12\/photo-de-1-a-propos-300x171.png 300w, https:\/\/canadainprogress.ca\/wp-content\/uploads\/2025\/12\/photo-de-1-a-propos-768x439.png 768w, https:\/\/canadainprogress.ca\/wp-content\/uploads\/2025\/12\/photo-de-1-a-propos.png 1344w\" sizes=\"auto, (max-width: 1024px) 100vw, 1024px\" \/><\/figure><div class=\"wp-block-media-text__content\">\n<div class=\"wp-block-uagb-info-box uagb-block-b325b0e1 uagb-infobox__content-wrap  uagb-infobox-icon-above-title uagb-infobox-image-valign-top\"><div class=\"uagb-ifb-content\"><div class=\"uagb-ifb-icon-wrap\"><svg xmlns=\"https:\/\/www.w3.org\/2000\/svg\" viewBox=\"0 0 512 512\"><path d=\"M0 256C0 114.6 114.6 0 256 0C397.4 0 512 114.6 512 256C512 397.4 397.4 512 256 512C114.6 512 0 397.4 0 256zM371.8 211.8C382.7 200.9 382.7 183.1 371.8 172.2C360.9 161.3 343.1 161.3 332.2 172.2L224 280.4L179.8 236.2C168.9 225.3 151.1 225.3 140.2 236.2C129.3 247.1 129.3 264.9 140.2 275.8L204.2 339.8C215.1 350.7 232.9 350.7 243.8 339.8L371.8 211.8z\"><\/path><\/svg><\/div><div class=\"uagb-ifb-title-wrap\"><h3 class=\"uagb-ifb-title\">Nos Origines<\/h3><\/div><p class=\"uagb-ifb-desc\">En <strong>2015<\/strong>, le paysage communautaire de Grande Prairie pr\u00e9sentait un vide important. Il n\u2019existait alors aucun organisme francophone sp\u00e9cifiquement d\u00e9di\u00e9 \u00e0 la promotion des communaut\u00e9s culturelles, ni structure pour accompagner l&rsquo;int\u00e9gration des immigrants issus de ces communaut\u00e9s.<br>Face \u00e0 ce constat, un groupe d&rsquo;amis immigrants francophones a d\u00e9cid\u00e9 de ne pas rester les bras crois\u00e9s. Ce qui n&rsquo;\u00e9tait au d\u00e9part qu&rsquo;une r\u00e9flexion entre amis sur la mani\u00e8re de changer les choses s&rsquo;est rapidement transform\u00e9 en un projet concret.<br><em>\u00ab\u00a0De cette simple conversation est n\u00e9e une organisation d\u00e9termin\u00e9e \u00e0 b\u00e2tir des ponts et \u00e0 cr\u00e9er des opportunit\u00e9s.\u00a0\u00bb<\/em><br>Notre Mission Aujourd&rsquo;hui<br>Ce mouvement spontan\u00e9 a donn\u00e9 naissance \u00e0 l&rsquo;organisation solide que nous sommes aujourd&rsquo;hui. Notre engagement a d\u00e9pass\u00e9 le cercle amical pour devenir un pilier pour la communaut\u00e9.<br>Nous \u0153uvrons quotidiennement pour :<br><strong>Accueillir et int\u00e9grer<\/strong> les nouveaux arrivants.<br><strong>Soutenir<\/strong> le d\u00e9veloppement des jeunes.<br><strong>Autonomiser<\/strong> les femmes.<br><strong>Accompagner<\/strong> les familles immigrantes dans leur nouvelle vie en Alberta.<\/p><\/div><\/div>\n<\/div><\/div>\n\n\n\n<div class=\"wp-block-media-text has-media-on-the-right is-stacked-on-mobile\"><div class=\"wp-block-media-text__content\">\n<p><\/p>\n\n\n\n<div class=\"wp-block-uagb-info-box uagb-block-75785b02 uagb-infobox__content-wrap  uagb-infobox-icon-above-title uagb-infobox-image-valign-top\"><div class=\"uagb-ifb-content\"><div class=\"uagb-ifb-icon-wrap\"><svg xmlns=\"https:\/\/www.w3.org\/2000\/svg\" viewBox=\"0 0 512 512\"><path d=\"M0 256C0 114.6 114.6 0 256 0C397.4 0 512 114.6 512 256C512 397.4 397.4 512 256 512C114.6 512 0 397.4 0 256zM371.8 211.8C382.7 200.9 382.7 183.1 371.8 172.2C360.9 161.3 343.1 161.3 332.2 172.2L224 280.4L179.8 236.2C168.9 225.3 151.1 225.3 140.2 236.2C129.3 247.1 129.3 264.9 140.2 275.8L204.2 339.8C215.1 350.7 232.9 350.7 243.8 339.8L371.8 211.8z\"><\/path><\/svg><\/div><div class=\"uagb-ifb-title-wrap\"><h3 class=\"uagb-ifb-title\">Pourquoi nous existons ?<\/h3><\/div><p class=\"uagb-ifb-desc\">Nous croyons fermement que la diversit\u00e9 est une force pour Grande Prairie. Notre but est de s&rsquo;assurer que chaque francophone, peu importe son origine, se sente non seulement accueilli, mais aussi outill\u00e9 pour r\u00e9ussir et s&rsquo;\u00e9panouir dans sa communaut\u00e9 d&rsquo;accueil.<br><br><strong><em>Rejoignez le mouvement<\/em><\/strong><br>Que vous soyez un nouvel arrivant cherchant du soutien ou un membre de la communaut\u00e9 souhaitant contribuer, notre porte est toujours ouverte. Ensemble, continuons d&rsquo;\u00e9crire cette histoire.<\/p><\/div><\/div>\n<\/div><figure class=\"wp-block-media-text__media\"><img loading=\"lazy\" decoding=\"async\" width=\"1024\" height=\"683\" src=\"https:\/\/canadainprogress.ca\/wp-content\/uploads\/2025\/12\/regroupement-1024x683.jpg\" alt=\"\" class=\"wp-image-74 size-full\" srcset=\"https:\/\/canadainprogress.ca\/wp-content\/uploads\/2025\/12\/regroupement-1024x683.jpg 1024w, https:\/\/canadainprogress.ca\/wp-content\/uploads\/2025\/12\/regroupement-300x200.jpg 300w, https:\/\/canadainprogress.ca\/wp-content\/uploads\/2025\/12\/regroupement-768x512.jpg 768w, https:\/\/canadainprogress.ca\/wp-content\/uploads\/2025\/12\/regroupement-1536x1024.jpg 1536w, https:\/\/canadainprogress.ca\/wp-content\/uploads\/2025\/12\/regroupement-2048x1365.jpg 2048w\" sizes=\"auto, (max-width: 1024px) 100vw, 1024px\" \/><\/figure><\/div>\n\n\n\n<div class=\"wp-block-columns is-layout-flex wp-container-core-columns-is-layout-9d6595d7 wp-block-columns-is-layout-flex\">\n<div class=\"wp-block-column is-layout-flow wp-block-column-is-layout-flow\">\n<div class=\"wp-block-uagb-image uagb-block-e4b0c704 wp-block-uagb-image--layout-default wp-block-uagb-image--effect-static wp-block-uagb-image--align-none\"><figure class=\"wp-block-uagb-image__figure\"><img decoding=\"async\" srcset=\"https:\/\/canadainprogress.ca\/wp-content\/uploads\/2025\/09\/pexels-marta-klement-636760-1438072-3-1024x684.jpg ,https:\/\/canadainprogress.ca\/wp-content\/uploads\/2025\/09\/pexels-marta-klement-636760-1438072-3-scaled.jpg 780w, https:\/\/canadainprogress.ca\/wp-content\/uploads\/2025\/09\/pexels-marta-klement-636760-1438072-3-scaled.jpg 360w\" sizes=\"auto, (max-width: 480px) 150px\" src=\"https:\/\/canadainprogress.ca\/wp-content\/uploads\/2025\/09\/pexels-marta-klement-636760-1438072-3-1024x684.jpg\" alt=\"\" class=\"uag-image-59\" width=\"6016\" height=\"4016\" title=\"pexels-marta-klement-636760-1438072\" loading=\"lazy\" role=\"img\"\/><\/figure><\/div>\n<\/div>\n\n\n\n<div class=\"wp-block-column is-layout-flow wp-block-column-is-layout-flow\">\n<h2 class=\"wp-block-heading\">Valeurs <\/h2>\n\n\n\n<p>SENTIMENT D&rsquo;APPARTENANCE &#8211; Tous nos clients sont accueillies dans un milieu s\u00fbr et ouvert aux diff\u00e9rences <\/p>\n\n\n\n<p>RESPECT &#8211; La reconnaissance et la consid\u00e9ration de l&rsquo;identit\u00e9 des personnes et de leurs cultures<\/p>\n\n\n\n<p>\u00c9QUIT\u00c9 ET COLLABORATION <\/p>\n\n\n\n<p> ENGAGEMENT <\/p>\n<\/div>\n<\/div>\n\n\n\n<div class=\"wp-block-uagb-info-box uagb-block-8a34a4b9 uagb-infobox__content-wrap  uagb-infobox-icon-above-title uagb-infobox-image-valign-top\"><div class=\"uagb-ifb-content\"><div class=\"uagb-ifb-icon-wrap\"><svg xmlns=\"https:\/\/www.w3.org\/2000\/svg\" viewBox=\"0 0 512 512\"><path d=\"M0 256C0 114.6 114.6 0 256 0C397.4 0 512 114.6 512 256C512 397.4 397.4 512 256 512C114.6 512 0 397.4 0 256zM371.8 211.8C382.7 200.9 382.7 183.1 371.8 172.2C360.9 161.3 343.1 161.3 332.2 172.2L224 280.4L179.8 236.2C168.9 225.3 151.1 225.3 140.2 236.2C129.3 247.1 129.3 264.9 140.2 275.8L204.2 339.8C215.1 350.7 232.9 350.7 243.8 339.8L371.8 211.8z\"><\/path><\/svg><\/div><div class=\"uagb-ifb-title-wrap\"><h3 class=\"uagb-ifb-title\">OBJECTIFS <\/h3><\/div><p class=\"uagb-ifb-desc\"><strong>Canada in Progress<\/strong>, nous valorisons la diversit\u00e9 et l&rsquo;inclusion communautaire des femmes et des jeunes. Nous agissons comme un pont pour les immigrants francophones en milieu minoritaire \u00e0 Grande Prairie, facilitant leur parcours d&rsquo;int\u00e9gration. En synergie avec les acteurs locaux, nous outillons les immigrants et les r\u00e9fugi\u00e9s pour garantir le succ\u00e8s de leur r\u00e9installation, tout en partageant fi\u00e8rement la vitalit\u00e9 de la culture francophone avec toute la population albertaine.. <\/p><\/div><\/div>\n\n\n\n<p><\/p>\n","protected":false},"excerpt":{"rendered":"<p>Valeurs SENTIMENT D&rsquo;APPARTENANCE &#8211; Tous nos clients sont accueillies dans un milieu s\u00fbr et ouvert aux diff\u00e9rences RESPECT &#8211; La reconnaissance et la consid\u00e9ration de l&rsquo;identit\u00e9 des personnes et de leurs cultures \u00c9QUIT\u00c9 ET COLLABORATION ENGAGEMENT<\/p>\n","protected":false},"author":1,"featured_media":0,"parent":0,"menu_order":0,"comment_status":"closed","ping_status":"closed","template":"","meta":{"_uag_custom_page_level_css":"","footnotes":""},"class_list":["post-17","page","type-page","status-publish","hentry"],"uagb_featured_image_src":{"full":false,"thumbnail":false,"medium":false,"medium_large":false,"large":false,"1536x1536":false,"2048x2048":false},"uagb_author_info":{"display_name":"admin1504","author_link":"https:\/\/canadainprogress.ca\/?author=1"},"uagb_comment_info":0,"uagb_excerpt":"Valeurs SENTIMENT D&rsquo;APPARTENANCE &#8211; Tous nos clients sont accueillies dans un milieu s\u00fbr et ouvert aux diff\u00e9rences RESPECT &#8211; La reconnaissance et la consid\u00e9ration de l&rsquo;identit\u00e9 des personnes et de leurs cultures \u00c9QUIT\u00c9 ET COLLABORATION ENGAGEMENT","jetpack_sharing_enabled":true,"_links":{"self":[{"href":"https:\/\/canadainprogress.ca\/index.php?rest_route=\/wp\/v2\/pages\/17","targetHints":{"allow":["GET"]}}],"collection":[{"href":"https:\/\/canadainprogress.ca\/index.php?rest_route=\/wp\/v2\/pages"}],"about":[{"href":"https:\/\/canadainprogress.ca\/index.php?rest_route=\/wp\/v2\/types\/page"}],"author":[{"embeddable":true,"href":"https:\/\/canadainprogress.ca\/index.php?rest_route=\/wp\/v2\/users\/1"}],"replies":[{"embeddable":true,"href":"https:\/\/canadainprogress.ca\/index.php?rest_route=%2Fwp%2Fv2%2Fcomments&post=17"}],"version-history":[{"count":6,"href":"https:\/\/canadainprogress.ca\/index.php?rest_route=\/wp\/v2\/pages\/17\/revisions"}],"predecessor-version":[{"id":75,"href":"https:\/\/canadainprogress.ca\/index.php?rest_route=\/wp\/v2\/pages\/17\/revisions\/75"}],"wp:attachment":[{"href":"https:\/\/canadainprogress.ca\/index.php?rest_route=%2Fwp%2Fv2%2Fmedia&parent=17"}],"curies":[{"name":"wp","href":"https:\/\/api.w.org\/{rel}","templated":true}]}}