{"id":2,"date":"2025-05-15T21:52:29","date_gmt":"2025-05-15T21:52:29","guid":{"rendered":"http:\/\/canadainprogress.ca\/?page_id=2"},"modified":"2026-02-04T06:02:54","modified_gmt":"2026-02-04T06:02:54","slug":"sample-page","status":"publish","type":"page","link":"https:\/\/canadainprogress.ca\/","title":{"rendered":"Programmes pour immigrants francophones \u00e0 Grande Prairie"},"content":{"rendered":"\n<div class=\"wp-block-uagb-container uagb-block-77e75013 alignfull uagb-is-root-container\">\n<div class=\"wp-block-uagb-container uagb-block-c6fce241\">\n<div class=\"wp-block-uagb-image alignleft uagb-block-fbf4cf5d wp-block-uagb-image--layout-default wp-block-uagb-image--effect-static wp-block-uagb-image--align-left\"><figure class=\"wp-block-uagb-image__figure\"><img decoding=\"async\" srcset=\"https:\/\/canadainprogress.ca\/wp-content\/uploads\/2025\/12\/pexels-cottonbro-4101143-4-1024x683.jpg ,https:\/\/canadainprogress.ca\/wp-content\/uploads\/2025\/12\/pexels-cottonbro-4101143-4-scaled.jpg 780w, https:\/\/canadainprogress.ca\/wp-content\/uploads\/2025\/12\/pexels-cottonbro-4101143-4-scaled.jpg 360w\" sizes=\"auto, (max-width: 480px) 150px\" src=\"https:\/\/canadainprogress.ca\/wp-content\/uploads\/2025\/12\/pexels-cottonbro-4101143-4-1024x683.jpg\" alt=\"\" class=\"uag-image-95\" width=\"452\" height=\"300\" title=\"pexels-cottonbro-4101143\" loading=\"lazy\" role=\"img\"\/><\/figure><\/div>\n<\/div>\n\n\n\n<div class=\"wp-block-uagb-container uagb-block-f1f84b74\">\n<header class=\"wp-block-uagb-advanced-heading uagb-block-60388016\"><h2 class=\"uagb-heading-text\">Bienvenue \u00e0 tous<\/h2><\/header>\n\n\n\n<p style=\"font-size:21px\">Nous proposons des programmes, des rencontres et des ressources pour que chacun se sente chez soi, apprenne, partage et s\u2019implique dans la communaut\u00e9, afin de construire des liens forts et durables \u00e0 Grande Prairie.<\/p>\n<\/div>\n<\/div>\n\n\n\n<div class=\"wp-block-uagb-info-box uagb-block-95b3b1d5 uagb-infobox__content-wrap  uagb-infobox-icon-above-title uagb-infobox-image-valign-top\"><div class=\"uagb-ifb-content\"><div class=\"uagb-ifb-icon-wrap\"><svg xmlns=\"https:\/\/www.w3.org\/2000\/svg\" viewBox=\"0 0 512 512\"><path d=\"M0 256C0 114.6 114.6 0 256 0C397.4 0 512 114.6 512 256C512 397.4 397.4 512 256 512C114.6 512 0 397.4 0 256zM371.8 211.8C382.7 200.9 382.7 183.1 371.8 172.2C360.9 161.3 343.1 161.3 332.2 172.2L224 280.4L179.8 236.2C168.9 225.3 151.1 225.3 140.2 236.2C129.3 247.1 129.3 264.9 140.2 275.8L204.2 339.8C215.1 350.7 232.9 350.7 243.8 339.8L371.8 211.8z\"><\/path><\/svg><\/div><div class=\"uagb-ifb-title-wrap\"><h3 class=\"uagb-ifb-title\">Bienvenue sur le site officiel de <strong>Canada in Progress<\/strong> \ud83c\udf1f<\/h3><\/div><p class=\"uagb-ifb-desc\">Notre Mission<br>anada in Progress fait la promotion de la <strong>diversit\u00e9 culturelle<\/strong> et de l\u2019<strong>inclusion communautaire<\/strong> aupr\u00e8s des femmes et des jeunes. Nous facilitons l\u2019int\u00e9gration des immigrants francophones en situation minoritaire \u00e0 Grande Prairie et dans ses environs.<br>Ce que nous faisons<br>\ud83e\udd1d En partenariat avec les parties prenantes locales<br>\ud83c\udf0d Offrir aux immigrants et r\u00e9fugi\u00e9s les moyens de r\u00e9ussir leur r\u00e9installation<br>\ud83c\udf89 Promouvoir et partager les richesses culturelles francophones avec le grand public albertain<br>Pourquoi nous choisir ?<br>Parce que nous croyons que chaque culture est une richesse et que l\u2019inclusion est la cl\u00e9 d\u2019une communaut\u00e9 forte et solidaire.<\/p><\/div><\/div>\n\n\n\n<div class=\"wp-block-uagb-image uagb-block-d93f7279 wp-block-uagb-image--layout-default wp-block-uagb-image--effect-static wp-block-uagb-image--align-none\"><figure class=\"wp-block-uagb-image__figure\"><img decoding=\"async\" srcset=\"https:\/\/canadainprogress.ca\/wp-content\/uploads\/2026\/01\/Accueil-4.png ,https:\/\/canadainprogress.ca\/wp-content\/uploads\/2026\/01\/Accueil-4.png 780w, https:\/\/canadainprogress.ca\/wp-content\/uploads\/2026\/01\/Accueil-4.png 360w\" sizes=\"auto, (max-width: 480px) 150px\" src=\"https:\/\/canadainprogress.ca\/wp-content\/uploads\/2026\/01\/Accueil-4.png\" alt=\"\" class=\"uag-image-167\" width=\"522\" height=\"522\" title=\"Accueil 4\" loading=\"lazy\" role=\"img\"\/><\/figure><\/div>\n\n\n\n<div class=\"wp-block-uagb-container uagb-block-6dd07a10 alignfull uagb-is-root-container\"><div class=\"uagb-container-inner-blocks-wrap\">\n<div class=\"wp-block-uagb-container uagb-block-eeb29782\">\n<div class=\"wp-block-media-text is-stacked-on-mobile\"><figure class=\"wp-block-media-text__media\"><img loading=\"lazy\" decoding=\"async\" width=\"438\" height=\"234\" src=\"https:\/\/canadainprogress.ca\/wp-content\/uploads\/2025\/12\/OIP.webp\" alt=\"\" class=\"wp-image-79 size-full\" srcset=\"https:\/\/canadainprogress.ca\/wp-content\/uploads\/2025\/12\/OIP.webp 438w, https:\/\/canadainprogress.ca\/wp-content\/uploads\/2025\/12\/OIP-300x160.webp 300w\" sizes=\"auto, (max-width: 438px) 100vw, 438px\" \/><\/figure><div class=\"wp-block-media-text__content\">\n<div class=\"wp-block-group\"><div class=\"wp-block-group__inner-container is-layout-constrained wp-block-group-is-layout-constrained\">\n<p class=\"has-ast-global-color-4-color has-ast-global-color-0-background-color has-text-color has-background has-link-color has-medium-font-size wp-elements-a65a2e440113fb5081bb43cab6e56cd7\" style=\"border-width:2px;border-top-left-radius:100px;border-top-right-radius:100px;border-bottom-left-radius:100px;border-bottom-right-radius:100px\"><a href=\"https:\/\/canadainprogress.ca\/?page_id=19\" data-type=\"page\" data-id=\"19\"><strong>Programmes parascolaires dans les \u00e9coles<\/strong><\/a><\/p>\n<\/div><\/div>\n<\/div><\/div>\n\n\n\n<div class=\"wp-block-media-text has-media-on-the-right is-stacked-on-mobile\" style=\"grid-template-columns:auto 39%\"><div class=\"wp-block-media-text__content\">\n<p class=\"has-border-color has-vivid-cyan-blue-border-color has-ast-global-color-4-color has-ast-global-color-0-background-color has-text-color has-background has-link-color has-medium-font-size wp-elements-c94bd00e11e11c987e909786e07ef532\" style=\"border-width:1px;border-top-left-radius:100px;border-top-right-radius:100px;border-bottom-left-radius:100px;border-bottom-right-radius:100px\"><a href=\"https:\/\/canadainprogress.ca\/?page_id=19\" data-type=\"page\" data-id=\"19\"><strong>Programmes Des Femmes<\/strong><\/a><\/p>\n<\/div><figure class=\"wp-block-media-text__media\"><img loading=\"lazy\" decoding=\"async\" width=\"1024\" height=\"684\" src=\"http:\/\/canadainprogress.ca\/wp-content\/uploads\/2025\/12\/pexels-divinetechygirl-1181406-1-1024x684.jpg\" alt=\"\" class=\"wp-image-71 size-full\" srcset=\"https:\/\/canadainprogress.ca\/wp-content\/uploads\/2025\/12\/pexels-divinetechygirl-1181406-1-1024x684.jpg 1024w, https:\/\/canadainprogress.ca\/wp-content\/uploads\/2025\/12\/pexels-divinetechygirl-1181406-1-300x200.jpg 300w, https:\/\/canadainprogress.ca\/wp-content\/uploads\/2025\/12\/pexels-divinetechygirl-1181406-1-768x513.jpg 768w, https:\/\/canadainprogress.ca\/wp-content\/uploads\/2025\/12\/pexels-divinetechygirl-1181406-1-1536x1025.jpg 1536w, https:\/\/canadainprogress.ca\/wp-content\/uploads\/2025\/12\/pexels-divinetechygirl-1181406-1-2048x1367.jpg 2048w\" sizes=\"auto, (max-width: 1024px) 100vw, 1024px\" \/><\/figure><\/div>\n\n\n\n<div class=\"wp-block-media-text is-stacked-on-mobile is-vertically-aligned-center\" style=\"grid-template-columns:31% auto\"><figure class=\"wp-block-media-text__media\"><img loading=\"lazy\" decoding=\"async\" width=\"1024\" height=\"683\" src=\"http:\/\/canadainprogress.ca\/wp-content\/uploads\/2025\/09\/pexels-fauxels-3183197-1024x683.jpg\" alt=\"\" class=\"wp-image-53 size-full\" srcset=\"https:\/\/canadainprogress.ca\/wp-content\/uploads\/2025\/09\/pexels-fauxels-3183197-1024x683.jpg 1024w, https:\/\/canadainprogress.ca\/wp-content\/uploads\/2025\/09\/pexels-fauxels-3183197-300x200.jpg 300w, https:\/\/canadainprogress.ca\/wp-content\/uploads\/2025\/09\/pexels-fauxels-3183197-768x513.jpg 768w, https:\/\/canadainprogress.ca\/wp-content\/uploads\/2025\/09\/pexels-fauxels-3183197-1536x1025.jpg 1536w, https:\/\/canadainprogress.ca\/wp-content\/uploads\/2025\/09\/pexels-fauxels-3183197-2048x1367.jpg 2048w\" sizes=\"auto, (max-width: 1024px) 100vw, 1024px\" \/><\/figure><div class=\"wp-block-media-text__content\">\n<p class=\"has-ast-global-color-4-color has-ast-global-color-0-background-color has-text-color has-background has-link-color has-medium-font-size wp-elements-1b9990446afeb97a9ea6a4d8756c04bb\" style=\"border-top-left-radius:100px;border-top-right-radius:100px;border-bottom-left-radius:100px;border-bottom-right-radius:100px\"><a href=\"https:\/\/canadainprogress.ca\/?page_id=19\" data-type=\"page\" data-id=\"19\"><strong><\/strong><\/a><strong><a>Programme des travailleuses et travailleurs d\u2019\u00e9tablissement dans les \u00e9coles (T\u00c9\u00c9)<\/a><\/strong><\/p>\n<\/div><\/div>\n<\/div>\n<\/div><\/div>\n\n\n\n<div class=\"wp-block-uagb-image uagb-block-96019607 wp-block-uagb-image--layout-default wp-block-uagb-image--effect-static wp-block-uagb-image--align-none\"><figure class=\"wp-block-uagb-image__figure\"><img decoding=\"async\" srcset=\"https:\/\/canadainprogress.ca\/wp-content\/uploads\/2026\/01\/Flyers-791x1024.jpg ,https:\/\/canadainprogress.ca\/wp-content\/uploads\/2026\/01\/Flyers-scaled.jpg 780w, https:\/\/canadainprogress.ca\/wp-content\/uploads\/2026\/01\/Flyers-scaled.jpg 360w\" sizes=\"auto, (max-width: 480px) 150px\" src=\"https:\/\/canadainprogress.ca\/wp-content\/uploads\/2026\/01\/Flyers-791x1024.jpg\" alt=\"\" class=\"uag-image-180\" width=\"489\" height=\"633\" title=\"Flyers\" loading=\"lazy\" role=\"img\"\/><\/figure><\/div>\n\n\n\n<div class=\"wp-block-group alignwide\"><div class=\"wp-block-group__inner-container is-layout-constrained wp-block-group-is-layout-constrained\">\n<div class=\"wp-block-uagb-image uagb-block-0129bac5 wp-block-uagb-image--layout-default wp-block-uagb-image--effect-static wp-block-uagb-image--align-none\"><figure class=\"wp-block-uagb-image__figure\"><img decoding=\"async\" srcset=\"https:\/\/canadainprogress.ca\/wp-content\/uploads\/2026\/02\/MHN2026-OK-791x1024.jpg ,https:\/\/canadainprogress.ca\/wp-content\/uploads\/2026\/02\/MHN2026-OK-scaled.jpg 780w, https:\/\/canadainprogress.ca\/wp-content\/uploads\/2026\/02\/MHN2026-OK-scaled.jpg 360w\" sizes=\"auto, (max-width: 480px) 150px\" src=\"https:\/\/canadainprogress.ca\/wp-content\/uploads\/2026\/02\/MHN2026-OK-791x1024.jpg\" alt=\"\" class=\"uag-image-200\" width=\"663\" height=\"777\" title=\"MHN2026-OK\" loading=\"lazy\" role=\"img\"\/><\/figure><\/div>\n\n\n\n<h1 class=\"wp-block-heading has-text-align-center\"><em>Nos Services<\/em><\/h1>\n\n\n\n<p>Nous proposons une vari\u00e9t\u00e9 de services pour soutenir les immigrants et les r\u00e9fugi\u00e9s dans leur parcours d&rsquo;int\u00e9gration.<\/p>\n\n\n\n<ul class=\"wp-block-list\">\n<li><strong>Ateliers et formations<\/strong><br><br>Nous organisons des ateliers sur la langue, le march\u00e9 du travail et la culture canadienne pour aider \u00e0 faciliter l&rsquo;adaptation.<\/li>\n\n\n\n<li><strong>Groupes de soutien<\/strong><br><br>Des rencontres r\u00e9guli\u00e8res o\u00f9 les participants peuvent partager leurs exp\u00e9riences et se soutenir mutuellement dans leur int\u00e9gration.<\/li>\n\n\n\n<li><strong>\u00c9v\u00e9nements communautaires<\/strong><br><br>Des \u00e9v\u00e9nements culturels qui c\u00e9l\u00e8brent la diversit\u00e9 et renforcent les liens entre les diff\u00e9rents membres de la communaut\u00e9.<\/li>\n<\/ul>\n\n\n\n<h3 class=\"wp-block-heading\">Comment Participer<\/h3>\n\n\n\n<p>Nous croyons que l&rsquo;implication de chacun est essentielle. Voici quelques fa\u00e7ons de s&rsquo;engager :<\/p>\n\n\n\n<ul class=\"wp-block-list\">\n<li><strong>B\u00e9n\u00e9volat<\/strong><br><br>Devenez un volontaire pour nos \u00e9v\u00e9nements et programmes. Votre aide est pr\u00e9cieuse pour faire de chaque rencontre un succ\u00e8s.<\/li>\n\n\n\n<li><strong>Partagez vos comp\u00e9tences<\/strong><br><br>Si vous avez des comp\u00e9tences \u00e0 transmettre, pensez \u00e0 animer un atelier ou une activit\u00e9.<\/li>\n\n\n\n<li><strong>Rejoignez nos r\u00e9seaux sociaux<\/strong><br><br>Suivez-nous sur nos plateformes pour rester inform\u00e9 des activit\u00e9s et des opportunit\u00e9s dans la communaut\u00e9.<\/li>\n<\/ul>\n\n\n\n<h3 class=\"wp-block-heading\">Contactez-nous<\/h3>\n\n\n\n<p>Pour en savoir plus sur nos programmes ou pour toute question, n&rsquo;h\u00e9sitez pas \u00e0 nous contacter \u00e0 travers notre site ou par email. Ensemble, construisons un avenir inclusif et riche en diversit\u00e9 \u00e0 Grande Prairie !<\/p>\n\n\n\n<div class=\"wp-block-uagb-info-box uagb-block-b3a17bfa uagb-infobox__content-wrap  uagb-infobox-icon-above-title uagb-infobox-image-valign-top\"><div class=\"uagb-ifb-content\"><div class=\"uagb-ifb-icon-wrap\"><svg xmlns=\"https:\/\/www.w3.org\/2000\/svg\" viewBox=\"0 0 512 512\"><path d=\"M256 417.1c-16.38 0-32.88-4.1-46.88-15.12L0 250.9v213.1C0 490.5 21.5 512 48 512h416c26.5 0 48-21.5 48-47.1V250.9l-209.1 151.1C288.9 412 272.4 417.1 256 417.1zM493.6 163C484.8 156 476.4 149.5 464 140.1v-44.12c0-26.5-21.5-48-48-48l-77.5 .0016c-3.125-2.25-5.875-4.25-9.125-6.5C312.6 29.13 279.3-.3732 256 .0018C232.8-.3732 199.4 29.13 182.6 41.5c-3.25 2.25-6 4.25-9.125 6.5L96 48c-26.5 0-48 21.5-48 48v44.12C35.63 149.5 27.25 156 18.38 163C6.75 172 0 186 0 200.8v10.62l96 69.37V96h320v184.7l96-69.37V200.8C512 186 505.3 172 493.6 163zM176 255.1h160c8.836 0 16-7.164 16-15.1c0-8.838-7.164-16-16-16h-160c-8.836 0-16 7.162-16 16C160 248.8 167.2 255.1 176 255.1zM176 191.1h160c8.836 0 16-7.164 16-16c0-8.838-7.164-15.1-16-15.1h-160c-8.836 0-16 7.162-16 15.1C160 184.8 167.2 191.1 176 191.1z\"><\/path><\/svg><\/div><div class=\"uagb-ifb-title-wrap\"><h3 class=\"uagb-ifb-title\">Rejoins-nous<\/h3><\/div><p class=\"uagb-ifb-desc\">Si vous avez des comp\u00e9tences \u00e0 transmettre, pensez \u00e0 animer un atelier ou une activit\u00e9.<br><strong>Rejoignez nos r\u00e9seaux sociaux<\/strong><\/p><\/div><\/div>\n\n\n\n<div class=\"wp-block-uagb-container uagb-block-8597778f alignfull uagb-is-root-container\"><div class=\"uagb-container-inner-blocks-wrap\">\n<div class=\"wp-block-uagb-container uagb-block-e414222f\">\n<div class=\"wp-block-uagb-forms uagb-forms__outer-wrap uagb-block-18646e9c uagb-forms__medium-btn\"><form class=\"uagb-forms-main-form\" method=\"post\" autocomplete=\"on\" name=\"uagb-form-18646e9c\">\n<div class=\"wp-block-uagb-forms-name uagb-forms-name-wrap uagb-forms-field-set uagb-block-14d4197c\"><div class=\"uagb-forms-name-label required uagb-forms-input-label\" id=\"14d4197c\">First Name<\/div><input type=\"text\" placeholder=\"John\" required class=\"uagb-forms-name-input uagb-forms-input\" name=\"14d4197c\" autocomplete=\"given-name\"\/><\/div>\n\n\n\n<div class=\"wp-block-uagb-forms-name uagb-forms-name-wrap uagb-forms-field-set uagb-block-f14f9e6d\"><div class=\"uagb-forms-name-label required uagb-forms-input-label\" id=\"f14f9e6d\">Last Name<\/div><input type=\"text\" placeholder=\"Doe\" required class=\"uagb-forms-name-input uagb-forms-input\" name=\"f14f9e6d\" autocomplete=\"family-name\"\/><\/div>\n\n\n\n<div class=\"wp-block-uagb-forms-email uagb-forms-email-wrap uagb-forms-field-set uagb-block-bcfc0b20\"><div class=\"uagb-forms-email-label  uagb-forms-input-label\" id=\"bcfc0b20\">Email<\/div><input type=\"email\" class=\"uagb-forms-email-input uagb-forms-input\" placeholder=\"example@mail.com\" name=\"bcfc0b20\" autocomplete=\"email\"\/><\/div>\n\n\n\n<div class=\"wp-block-uagb-forms-textarea uagb-forms-textarea-wrap uagb-forms-field-set uagb-block-4660af62\"><div class=\"uagb-forms-textarea-label required uagb-forms-input-label\" id=\"4660af62\">Message<\/div><textarea required class=\"uagb-forms-textarea-input uagb-forms-input\" rows=\"4\" placeholder=\"Enter your message\" name=\"4660af62\" autocomplete=\"off\"><\/textarea><\/div>\n<div class=\"uagb-forms-form-hidden-data\"><input type=\"hidden\" class=\"uagb_forms_form_label\" value=\"Spectra Form\"\/><input type=\"hidden\" class=\"uagb_forms_form_id\" value=\"uagb-form-18646e9c\"\/><\/div><div class=\"uagb-form-reacaptcha-error-18646e9c\"><\/div><div class=\"uagb-forms-main-submit-button-wrap wp-block-button\"><button class=\"uagb-forms-main-submit-button wp-block-button__link\"><div class=\"uagb-forms-main-submit-button-text\">Submit<\/div><\/button><\/div><\/form><div class=\"uagb-forms-success-message-18646e9c uagb-forms-submit-message-hide\"><span>The form has been submitted successfully!<\/span><\/div><div class=\"uagb-forms-failed-message-18646e9c uagb-forms-submit-message-hide\"><span>There has been some error while submitting the form. Please verify all form fields again.<\/span><\/div><\/div>\n<\/div>\n\n\n\n<div class=\"wp-block-uagb-container uagb-block-21016fc2\">\n<p>Canada in Progress<\/p>\n\n\n\n<p>10029 97 avenue, grande prairie, alberta<\/p>\n\n\n\n<p>canadinpro@gmail.com<\/p>\n\n\n\n<p><\/p>\n\n\n\n<p><\/p>\n\n\n\n<p><\/p>\n<\/div>\n\n\n\n<div class=\"wp-block-uagb-container uagb-block-47930bf8\">\n<div class=\"wp-block-uagb-container uagb-block-d53bf44a\">\n<div class=\"wp-block-uagb-image uagb-block-2c7f5754 wp-block-uagb-image--layout-default wp-block-uagb-image--effect-static wp-block-uagb-image--align-none\"><figure class=\"wp-block-uagb-image__figure\"><img decoding=\"async\" srcset=\"https:\/\/canadainprogress.ca\/wp-content\/uploads\/2026\/01\/acceuil-3-1-585x1024.png ,https:\/\/canadainprogress.ca\/wp-content\/uploads\/2026\/01\/acceuil-3-1.png 780w, https:\/\/canadainprogress.ca\/wp-content\/uploads\/2026\/01\/acceuil-3-1.png 360w\" sizes=\"auto, (max-width: 480px) 150px\" src=\"https:\/\/canadainprogress.ca\/wp-content\/uploads\/2026\/01\/acceuil-3-1-585x1024.png\" alt=\"\" class=\"uag-image-166\" width=\"236\" height=\"413\" title=\"acceuil 3\" loading=\"lazy\" role=\"img\"\/><\/figure><\/div>\n<\/div>\n<\/div>\n<\/div><\/div>\n<\/div><\/div>\n\n\n\n<p><\/p>\n\n\n\n<div class=\"wp-block-uagb-container uagb-block-e625d772 alignfull uagb-is-root-container\"><div class=\"uagb-container-inner-blocks-wrap\">\n<div class=\"wp-block-uagb-social-share uagb-social-share__outer-wrap uagb-social-share__layout-horizontal uagb-block-4d771632\" id=\"https:\/\/www.facebook.com\/profile.php?id=61587186110473\">\n<div class=\"wp-block-uagb-social-share-child uagb-ss-repeater uagb-ss__wrapper uagb-block-a5c8df0d\"><span class=\"uagb-ss__link\" data-href=\"https:\/\/www.facebook.com\/sharer.php?u=\" tabindex=\"0\" role=\"button\" aria-label=\"facebook\"><span class=\"uagb-ss__source-wrap\"><span class=\"uagb-ss__source-icon\"><svg xmlns=\"https:\/\/www.w3.org\/2000\/svg\" viewBox=\"0 0 512 512\"><path d=\"M504 256C504 119 393 8 256 8S8 119 8 256c0 123.8 90.69 226.4 209.3 245V327.7h-63V256h63v-54.64c0-62.15 37-96.48 93.67-96.48 27.14 0 55.52 4.84 55.52 4.84v61h-31.28c-30.8 0-40.41 19.12-40.41 38.73V256h68.78l-11 71.69h-57.78V501C413.3 482.4 504 379.8 504 256z\"><\/path><\/svg><\/span><\/span><\/span><\/div>\n\n\n\n<div class=\"wp-block-uagb-social-share-child uagb-ss-repeater uagb-ss__wrapper uagb-block-527b9c88\"><span class=\"uagb-ss__link\" data-href=\"https:\/\/twitter.com\/share?url=\" tabindex=\"0\" role=\"button\" aria-label=\"twitter\"><span class=\"uagb-ss__source-wrap\"><span class=\"uagb-ss__source-icon\"><svg xmlns=\"https:\/\/www.w3.org\/2000\/svg\" viewBox=\"0 0 448 512\"><path d=\"M400 32H48C21.5 32 0 53.5 0 80v352c0 26.5 21.5 48 48 48h352c26.5 0 48-21.5 48-48V80c0-26.5-21.5-48-48-48zm-48.9 158.8c.2 2.8 .2 5.7 .2 8.5 0 86.7-66 186.6-186.6 186.6-37.2 0-71.7-10.8-100.7-29.4 5.3 .6 10.4 .8 15.8 .8 30.7 0 58.9-10.4 81.4-28-28.8-.6-53-19.5-61.3-45.5 10.1 1.5 19.2 1.5 29.6-1.2-30-6.1-52.5-32.5-52.5-64.4v-.8c8.7 4.9 18.9 7.9 29.6 8.3a65.45 65.45 0 0 1 -29.2-54.6c0-12.2 3.2-23.4 8.9-33.1 32.3 39.8 80.8 65.8 135.2 68.6-9.3-44.5 24-80.6 64-80.6 18.9 0 35.9 7.9 47.9 20.7 14.8-2.8 29-8.3 41.6-15.8-4.9 15.2-15.2 28-28.8 36.1 13.2-1.4 26-5.1 37.8-10.2-8.9 13.1-20.1 24.7-32.9 34z\"><\/path><\/svg><\/span><\/span><\/span><\/div>\n\n\n\n<div class=\"wp-block-uagb-social-share-child uagb-ss-repeater uagb-ss__wrapper uagb-block-025ecdaa\"><span class=\"uagb-ss__link\" data-href=\"https:\/\/pinterest.com\/pin\/create\/link\/?url=\" tabindex=\"0\" role=\"button\" aria-label=\"pinterest\"><span class=\"uagb-ss__source-wrap\"><span class=\"uagb-ss__source-icon\"><svg xmlns=\"https:\/\/www.w3.org\/2000\/svg\" viewBox=\"0 0 448 512\"><path d=\"M448 80v352c0 26.5-21.5 48-48 48H154.4c9.8-16.4 22.4-40 27.4-59.3 3-11.5 15.3-58.4 15.3-58.4 8 15.3 31.4 28.2 56.3 28.2 74.1 0 127.4-68.1 127.4-152.7 0-81.1-66.2-141.8-151.4-141.8-106 0-162.2 71.1-162.2 148.6 0 36 19.2 80.8 49.8 95.1 4.7 2.2 7.1 1.2 8.2-3.3 .8-3.4 5-20.1 6.8-27.8 .6-2.5 .3-4.6-1.7-7-10.1-12.3-18.3-34.9-18.3-56 0-54.2 41-106.6 110.9-106.6 60.3 0 102.6 41.1 102.6 99.9 0 66.4-33.5 112.4-77.2 112.4-24.1 0-42.1-19.9-36.4-44.4 6.9-29.2 20.3-60.7 20.3-81.8 0-53-75.5-45.7-75.5 25 0 21.7 7.3 36.5 7.3 36.5-31.4 132.8-36.1 134.5-29.6 192.6l2.2 .8H48c-26.5 0-48-21.5-48-48V80c0-26.5 21.5-48 48-48h352c26.5 0 48 21.5 48 48z\"><\/path><\/svg><\/span><\/span><\/span><\/div>\n\n\n\n<div class=\"wp-block-uagb-social-share-child uagb-ss-repeater uagb-ss__wrapper uagb-block-670fdf97\"><span class=\"uagb-ss__link\" data-href=\"https:\/\/www.linkedin.com\/shareArticle?url=\" tabindex=\"0\" role=\"button\" aria-label=\"linkedin\"><span class=\"uagb-ss__source-wrap\"><span class=\"uagb-ss__source-icon\"><svg xmlns=\"https:\/\/www.w3.org\/2000\/svg\" viewBox=\"0 0 448 512\"><path d=\"M416 32H31.9C14.3 32 0 46.5 0 64.3v383.4C0 465.5 14.3 480 31.9 480H416c17.6 0 32-14.5 32-32.3V64.3c0-17.8-14.4-32.3-32-32.3zM135.4 416H69V202.2h66.5V416zm-33.2-243c-21.3 0-38.5-17.3-38.5-38.5S80.9 96 102.2 96c21.2 0 38.5 17.3 38.5 38.5 0 21.3-17.2 38.5-38.5 38.5zm282.1 243h-66.4V312c0-24.8-.5-56.7-34.5-56.7-34.6 0-39.9 27-39.9 54.9V416h-66.4V202.2h63.7v29.2h.9c8.9-16.8 30.6-34.5 62.9-34.5 67.2 0 79.7 44.3 79.7 101.9V416z\"><\/path><\/svg><\/span><\/span><\/span><\/div>\n<\/div>\n<\/div><\/div>\n\n\n\n<div class=\"wp-block-columns is-layout-flex wp-container-core-columns-is-layout-9d6595d7 wp-block-columns-is-layout-flex\">\n<div class=\"wp-block-column is-layout-flow wp-block-column-is-layout-flow\"><\/div>\n\n\n\n<div class=\"wp-block-column is-layout-flow wp-block-column-is-layout-flow\"><\/div>\n\n\n\n<div class=\"wp-block-column is-layout-flow wp-block-column-is-layout-flow\"><\/div>\n<\/div>\n\n\n\n<p><\/p>\n","protected":false},"excerpt":{"rendered":"<p>Bienvenue \u00e0 tous Nous proposons des programmes, des rencontres et des ressources pour que chacun se sente chez soi, apprenne, partage et s\u2019implique dans la communaut\u00e9, afin de construire des liens forts et durables \u00e0 Grande Prairie. Programmes parascolaires dans les \u00e9coles Programmes Des Femmes Programme des travailleuses et travailleurs d\u2019\u00e9tablissement dans les \u00e9coles (T\u00c9\u00c9) [&hellip;]<\/p>\n","protected":false},"author":1,"featured_media":0,"parent":0,"menu_order":0,"comment_status":"closed","ping_status":"closed","template":"","meta":{"_uag_custom_page_level_css":"","footnotes":""},"class_list":["post-2","page","type-page","status-publish","hentry"],"uagb_featured_image_src":{"full":false,"thumbnail":false,"medium":false,"medium_large":false,"large":false,"1536x1536":false,"2048x2048":false},"uagb_author_info":{"display_name":"admin1504","author_link":"https:\/\/canadainprogress.ca\/?author=1"},"uagb_comment_info":0,"uagb_excerpt":"Bienvenue \u00e0 tous Nous proposons des programmes, des rencontres et des ressources pour que chacun se sente chez soi, apprenne, partage et s\u2019implique dans la communaut\u00e9, afin de construire des liens forts et durables \u00e0 Grande Prairie. Programmes parascolaires dans les \u00e9coles Programmes Des Femmes Programme des travailleuses et travailleurs d\u2019\u00e9tablissement dans les \u00e9coles (T\u00c9\u00c9)\u2026","jetpack_sharing_enabled":true,"_links":{"self":[{"href":"https:\/\/canadainprogress.ca\/index.php?rest_route=\/wp\/v2\/pages\/2","targetHints":{"allow":["GET"]}}],"collection":[{"href":"https:\/\/canadainprogress.ca\/index.php?rest_route=\/wp\/v2\/pages"}],"about":[{"href":"https:\/\/canadainprogress.ca\/index.php?rest_route=\/wp\/v2\/types\/page"}],"author":[{"embeddable":true,"href":"https:\/\/canadainprogress.ca\/index.php?rest_route=\/wp\/v2\/users\/1"}],"replies":[{"embeddable":true,"href":"https:\/\/canadainprogress.ca\/index.php?rest_route=%2Fwp%2Fv2%2Fcomments&post=2"}],"version-history":[{"count":41,"href":"https:\/\/canadainprogress.ca\/index.php?rest_route=\/wp\/v2\/pages\/2\/revisions"}],"predecessor-version":[{"id":202,"href":"https:\/\/canadainprogress.ca\/index.php?rest_route=\/wp\/v2\/pages\/2\/revisions\/202"}],"wp:attachment":[{"href":"https:\/\/canadainprogress.ca\/index.php?rest_route=%2Fwp%2Fv2%2Fmedia&parent=2"}],"curies":[{"name":"wp","href":"https:\/\/api.w.org\/{rel}","templated":true}]}}