{"id":23,"date":"2025-05-21T21:53:25","date_gmt":"2025-05-21T21:53:25","guid":{"rendered":"https:\/\/canadainprogress.ca\/?page_id=23"},"modified":"2026-01-23T00:18:19","modified_gmt":"2026-01-23T00:18:19","slug":"calendrier","status":"publish","type":"page","link":"https:\/\/canadainprogress.ca\/?page_id=23","title":{"rendered":"Calendrier"},"content":{"rendered":"\n<figure class=\"wp-block-table\"><table class=\"has-fixed-layout\"><thead><tr><td><strong>Activit\u00e9<\/strong><\/td><td><strong>Public Cible<\/strong><\/td><td><strong>Fr\u00e9quence \/ Date<\/strong><\/td><td><strong>Lieu<\/strong><\/td><\/tr><\/thead><tbody><tr><td><strong>Accueil A\u00e9roport<\/strong><\/td><td>Nouveaux arrivants<\/td><td>Sur demande (vol d&rsquo;arriv\u00e9e)<\/td><td>A\u00e9roport de Grande Prairie<\/td><\/tr><tr><td><strong>Atelier Mentorat<\/strong><\/td><td>Femmes &amp; Jeunes<\/td><td>Tous les mardis (18h)<\/td><td>Centre Communautaire<\/td><\/tr><tr><td><strong>Cercle de Jeunesse<\/strong><\/td><td>12 &#8211; 18 ans<\/td><td>Un vendredi sur deux<\/td><td>Salle Polyvalente<\/td><\/tr><tr><td><strong>Caf\u00e9-Rencontre<\/strong><\/td><td>Tous<\/td><td>1er samedi du mois<\/td><td>Biblioth\u00e8que locale<\/td><\/tr><tr><td><strong>Festival Culturel<\/strong><\/td><td>Grand public<\/td><td>Annuel (Juin)<\/td><td>Parc Muskoseepi<\/td><\/tr><tr><td><strong>Rencontre \u00c9coles<\/strong><\/td><td>Parents &amp; \u00c9l\u00e8ves<\/td><td>Trimestriel<\/td><td>\u00c9coles partenaires<\/td><\/tr><\/tbody><\/table><\/figure>\n\n\n\n<figure class=\"wp-block-table is-style-stripes\"><table class=\"has-fixed-layout\"><thead><tr><td><strong>Activit\u00e9<\/strong><\/td><td><strong>Date \/ Fr\u00e9quence<\/strong><\/td><td><strong>Heure<\/strong><\/td><td><strong>Lieu<\/strong><\/td><\/tr><\/thead><tbody><tr><td><strong>Accueil Nouveaux Arrivants<\/strong><\/td><td>Selon l&rsquo;horaire des vols<\/td><td>24h\/24 (sur RDV)<\/td><td>A\u00e9roport de Grande Prairie<\/td><\/tr><tr><td><strong>Atelier Mentorat Femmes<\/strong><\/td><td>Chaque 2\u00e8me mardi du mois<\/td><td>18h30 \u2013 20h00<\/td><td>Bureaux de l&rsquo;Association<\/td><\/tr><tr><td><strong>Club des Jeunes (Atelier)<\/strong><\/td><td>Tous les vendredis<\/td><td>16h00 \u2013 17h30<\/td><td>Centre communautaire local<\/td><\/tr><tr><td><strong>Caf\u00e9-Rencontre Francophone<\/strong><\/td><td>Dernier samedi du mois<\/td><td>10h00 \u2013 12h00<\/td><td>Biblioth\u00e8que de Grande Prairie<\/td><\/tr><tr><td><strong>C\u00e9l\u00e9bration Culturelle<\/strong><\/td><td>Samedi 21 mars 2026<\/td><td>13h00 \u2013 19h00<\/td><td>Parc Muskoseepi<\/td><\/tr><tr><td><strong>Session Info-Partenariat<\/strong><\/td><td>1er jeudi du trimestre<\/td><td>19h00 \u2013 20h30<\/td><td>En ligne (Zoom) ou \u00c9cole<\/td><\/tr><\/tbody><\/table><\/figure>\n\n\n\n<div class=\"wp-block-uagb-image uagb-block-5a95f03f wp-block-uagb-image--layout-default wp-block-uagb-image--effect-static wp-block-uagb-image--align-none\"><figure class=\"wp-block-uagb-image__figure\"><img decoding=\"async\" srcset=\"https:\/\/canadainprogress.ca\/wp-content\/uploads\/2026\/01\/MHN2026-OK-791x1024.jpg ,https:\/\/canadainprogress.ca\/wp-content\/uploads\/2026\/01\/MHN2026-OK-scaled.jpg 780w, https:\/\/canadainprogress.ca\/wp-content\/uploads\/2026\/01\/MHN2026-OK-scaled.jpg 360w\" sizes=\"auto, (max-width: 480px) 150px\" src=\"https:\/\/canadainprogress.ca\/wp-content\/uploads\/2026\/01\/MHN2026-OK-791x1024.jpg\" alt=\"\" class=\"uag-image-194\" width=\"647\" height=\"838\" title=\"MHN2026-OK\" loading=\"lazy\" role=\"img\"\/><\/figure><\/div>\n","protected":false},"excerpt":{"rendered":"<p>Activit\u00e9 Public Cible Fr\u00e9quence \/ Date Lieu Accueil A\u00e9roport Nouveaux arrivants Sur demande (vol d&rsquo;arriv\u00e9e) A\u00e9roport de Grande Prairie Atelier Mentorat Femmes &amp; Jeunes Tous les mardis (18h) Centre Communautaire Cercle de Jeunesse 12 &#8211; 18 ans Un vendredi sur deux Salle Polyvalente Caf\u00e9-Rencontre Tous 1er samedi du mois Biblioth\u00e8que locale Festival Culturel Grand public [&hellip;]<\/p>\n","protected":false},"author":1,"featured_media":0,"parent":0,"menu_order":0,"comment_status":"closed","ping_status":"closed","template":"","meta":{"_uag_custom_page_level_css":"","footnotes":""},"class_list":["post-23","page","type-page","status-publish","hentry"],"uagb_featured_image_src":{"full":false,"thumbnail":false,"medium":false,"medium_large":false,"large":false,"1536x1536":false,"2048x2048":false},"uagb_author_info":{"display_name":"admin1504","author_link":"https:\/\/canadainprogress.ca\/?author=1"},"uagb_comment_info":0,"uagb_excerpt":"Activit\u00e9 Public Cible Fr\u00e9quence \/ Date Lieu Accueil A\u00e9roport Nouveaux arrivants Sur demande (vol d&rsquo;arriv\u00e9e) A\u00e9roport de Grande Prairie Atelier Mentorat Femmes &amp; Jeunes Tous les mardis (18h) Centre Communautaire Cercle de Jeunesse 12 &#8211; 18 ans Un vendredi sur deux Salle Polyvalente Caf\u00e9-Rencontre Tous 1er samedi du mois Biblioth\u00e8que locale Festival Culturel Grand public\u2026","jetpack_sharing_enabled":true,"_links":{"self":[{"href":"https:\/\/canadainprogress.ca\/index.php?rest_route=\/wp\/v2\/pages\/23","targetHints":{"allow":["GET"]}}],"collection":[{"href":"https:\/\/canadainprogress.ca\/index.php?rest_route=\/wp\/v2\/pages"}],"about":[{"href":"https:\/\/canadainprogress.ca\/index.php?rest_route=\/wp\/v2\/types\/page"}],"author":[{"embeddable":true,"href":"https:\/\/canadainprogress.ca\/index.php?rest_route=\/wp\/v2\/users\/1"}],"replies":[{"embeddable":true,"href":"https:\/\/canadainprogress.ca\/index.php?rest_route=%2Fwp%2Fv2%2Fcomments&post=23"}],"version-history":[{"count":2,"href":"https:\/\/canadainprogress.ca\/index.php?rest_route=\/wp\/v2\/pages\/23\/revisions"}],"predecessor-version":[{"id":195,"href":"https:\/\/canadainprogress.ca\/index.php?rest_route=\/wp\/v2\/pages\/23\/revisions\/195"}],"wp:attachment":[{"href":"https:\/\/canadainprogress.ca\/index.php?rest_route=%2Fwp%2Fv2%2Fmedia&parent=23"}],"curies":[{"name":"wp","href":"https:\/\/api.w.org\/{rel}","templated":true}]}}